{"id":22,"date":"2025-05-19T00:18:43","date_gmt":"2025-05-19T00:18:43","guid":{"rendered":"https:\/\/annasabe.com\/?page_id=22"},"modified":"2026-02-16T10:26:54","modified_gmt":"2026-02-16T08:26:54","slug":"sobre-mi","status":"publish","type":"page","link":"https:\/\/annasabe.com\/es\/sobre-mi\/","title":{"rendered":"Sobre m\u00ed"},"content":{"rendered":"<div data-elementor-type=\"wp-page\" data-elementor-id=\"22\" class=\"elementor elementor-22\" data-elementor-post-type=\"page\">\n\t\t\t\t<div class=\"elementor-element elementor-element-a1683a3 e-con-full e-flex e-con e-parent\" data-id=\"a1683a3\" data-element_type=\"container\" data-settings=\"{&quot;background_background&quot;:&quot;classic&quot;}\">\n\t\t\t\t<div class=\"elementor-element elementor-element-b12859e elementor-invisible elementor-widget elementor-widget-heading\" data-id=\"b12859e\" data-element_type=\"widget\" data-settings=\"{&quot;_animation&quot;:&quot;fadeIn&quot;,&quot;_animation_delay&quot;:300}\" data-no-translation=\"\" data-widget_type=\"heading.default\">\n\t\t\t\t<div class=\"elementor-widget-container\">\n\t\t\t\t\t<style>.elementor-element-b12859e{display:none !important}<\/style>\t\t\t\t<\/div>\n\t\t\t\t<\/div>\n\t\t\t\t<div class=\"elementor-element elementor-element-cd082db elementor-invisible elementor-widget elementor-widget-heading\" data-id=\"cd082db\" data-element_type=\"widget\" data-settings=\"{&quot;_animation&quot;:&quot;fadeIn&quot;,&quot;_animation_delay&quot;:300}\" data-no-translation=\"\" data-widget_type=\"heading.default\">\n\t\t\t\t<div class=\"elementor-widget-container\">\n\t\t\t\t\t<h2 class=\"elementor-heading-title elementor-size-default\">SEXOLOG\u00cdA<\/h2>\t\t\t\t<\/div>\n\t\t\t\t<\/div>\n\t\t\t\t<div class=\"elementor-element elementor-element-3091906 elementor-widget__width-inherit elementor-invisible elementor-widget elementor-widget-heading\" data-id=\"3091906\" data-element_type=\"widget\" data-settings=\"{&quot;_animation&quot;:&quot;fadeIn&quot;,&quot;_animation_delay&quot;:300}\" data-no-translation=\"\" data-widget_type=\"heading.default\">\n\t\t\t\t<div class=\"elementor-widget-container\">\n\t\t\t\t\t<style>.elementor-element-3091906{display:none !important}<\/style>\t\t\t\t<\/div>\n\t\t\t\t<\/div>\n\t\t\t\t<div class=\"elementor-element elementor-element-6fd67cd elementor-widget__width-inherit elementor-invisible elementor-widget elementor-widget-heading\" data-id=\"6fd67cd\" data-element_type=\"widget\" data-settings=\"{&quot;_animation&quot;:&quot;fadeIn&quot;,&quot;_animation_delay&quot;:300}\" data-no-translation=\"\" data-widget_type=\"heading.default\">\n\t\t\t\t<div class=\"elementor-widget-container\">\n\t\t\t\t\t<p class=\"elementor-heading-title elementor-size-default\">Mi cuerpo y mi sexualidad han sido maestros importantes a lo largo de mi vida. Ambos me han brindado oportunidades indispensables para la autoexploraci\u00f3n y la realizaci\u00f3n personal.<\/p>\t\t\t\t<\/div>\n\t\t\t\t<\/div>\n\t\t\t\t<\/div>\n\t\t<div class=\"elementor-element elementor-element-b54b037 e-con-full e-flex e-con e-parent\" data-id=\"b54b037\" data-element_type=\"container\" data-settings=\"{&quot;background_background&quot;:&quot;classic&quot;}\">\n\t\t<div class=\"elementor-element elementor-element-98c5560 e-con-full e-flex elementor-invisible e-con e-child\" data-id=\"98c5560\" data-element_type=\"container\" data-settings=\"{&quot;background_background&quot;:&quot;classic&quot;,&quot;animation&quot;:&quot;fadeIn&quot;,&quot;animation_delay&quot;:300}\">\n\t\t\t\t<\/div>\n\t\t<div class=\"elementor-element elementor-element-684b0b6 e-con-full e-flex e-con e-child\" data-id=\"684b0b6\" data-element_type=\"container\">\n\t\t\t\t<div class=\"elementor-element elementor-element-4cf104c elementor-widget__width-inherit elementor-invisible elementor-widget elementor-widget-heading\" data-id=\"4cf104c\" data-element_type=\"widget\" data-settings=\"{&quot;_animation&quot;:&quot;fadeIn&quot;,&quot;_animation_delay&quot;:300}\" data-no-translation=\"\" data-widget_type=\"heading.default\">\n\t\t\t\t<div class=\"elementor-widget-container\">\n\t\t\t\t\t<style>.elementor-element-4cf104c{display:none !important}<\/style>\t\t\t\t<\/div>\n\t\t\t\t<\/div>\n\t\t\t\t<div class=\"elementor-element elementor-element-2215b40 elementor-widget__width-inherit elementor-invisible elementor-widget elementor-widget-heading\" data-id=\"2215b40\" data-element_type=\"widget\" data-settings=\"{&quot;_animation&quot;:&quot;fadeIn&quot;,&quot;_animation_delay&quot;:300}\" data-no-translation=\"\" data-widget_type=\"heading.default\">\n\t\t\t\t<div class=\"elementor-widget-container\">\n\t\t\t\t\t<h2 class=\"elementor-heading-title elementor-size-default\">Educadora sexual<\/h2>\t\t\t\t<\/div>\n\t\t\t\t<\/div>\n\t\t\t\t<div class=\"elementor-element elementor-element-740dab8 elementor-invisible elementor-widget elementor-widget-text-editor\" data-id=\"740dab8\" data-element_type=\"widget\" data-settings=\"{&quot;_animation&quot;:&quot;fadeIn&quot;,&quot;_animation_delay&quot;:300}\" data-no-translation=\"\" data-widget_type=\"text-editor.default\">\n\t\t\t\t<div class=\"elementor-widget-container\">\n\t\t\t\t\t<style>.elementor-element-740dab8{display:none !important}<\/style>\t\t\t\t<\/div>\n\t\t\t\t<\/div>\n\t\t\t\t<div class=\"elementor-element elementor-element-ef1a43c elementor-invisible elementor-widget elementor-widget-text-editor\" data-id=\"ef1a43c\" data-element_type=\"widget\" data-settings=\"{&quot;_animation&quot;:&quot;fadeIn&quot;,&quot;_animation_delay&quot;:300}\" data-no-translation=\"\" data-widget_type=\"text-editor.default\">\n\t\t\t\t<div class=\"elementor-widget-container\">\n\t\t\t\t\t\t\t\t\t<p>Tengo un Master en Sexolog\u00eda Cl\u00ednica y Terapia de Parejas en el ISEP (Instituto Superior de Estudios Psicol\u00f3gicos). Soy graduada del curso de Nutrici\u00f3n, Medicina y Salud Hormonal de la Mujer del ICNS (Instituto de Ciencias de Nutrici\u00f3n y Salud). Tambi\u00e9n estoy formada en educaci\u00f3n sexual con perspectiva de g\u00e9nero en Sexpol. Soy diplomada en Terapia Corporal y Movimiento por el Instituto Gestalt. Tambi\u00e9n soy instructora certificada de yoga.<\/p><p>Actualmente vivo en Barcelona con mi marido y mi hija. Tambi\u00e9n he vivido y estudiado en Mil\u00e1n, Roma, M\u00e1laga, Madrid y Nueva York, lo que me ha dado un amplio conocimiento de diferentes trasfondos culturales.<\/p><p>Trabajo con clientes de todo el mundo. Trabajo principalmente en ingl\u00e9s y espa\u00f1ol, pero tambi\u00e9n hablo franc\u00e9s e italiano. Espero hablar contigo pronto.<\/p>\t\t\t\t\t\t\t\t<\/div>\n\t\t\t\t<\/div>\n\t\t\t\t<\/div>\n\t\t\t\t<\/div>\n\t\t\t\t<\/div>","protected":false},"excerpt":{"rendered":"<p>SEXOLOG\u00cdA Mi cuerpo y mi sexualidad han sido importantes maestros a lo largo de mi vida. Juntos, me han proporcionado oportunidades indispensables para la autoexploraci\u00f3n y la realizaci\u00f3n personal. Educadora Sexual Certificada Tengo un M\u00e1ster en Sexolog\u00eda Cl\u00ednica y Asesoramiento de Parejas por el ISEP (Instituto Superior de Estudios Psicol\u00f3gicos). Soy diplomada por el ICNS (Instituto de Ciencias de Nutrici\u00f3n [...]<\/p>","protected":false},"author":1,"featured_media":0,"parent":0,"menu_order":0,"comment_status":"closed","ping_status":"closed","template":"","meta":{"footnotes":""},"class_list":["post-22","page","type-page","status-publish","hentry"],"_links":{"self":[{"href":"https:\/\/annasabe.com\/es\/wp-json\/wp\/v2\/pages\/22","targetHints":{"allow":["GET"]}}],"collection":[{"href":"https:\/\/annasabe.com\/es\/wp-json\/wp\/v2\/pages"}],"about":[{"href":"https:\/\/annasabe.com\/es\/wp-json\/wp\/v2\/types\/page"}],"author":[{"embeddable":true,"href":"https:\/\/annasabe.com\/es\/wp-json\/wp\/v2\/users\/1"}],"replies":[{"embeddable":true,"href":"https:\/\/annasabe.com\/es\/wp-json\/wp\/v2\/comments?post=22"}],"version-history":[{"count":140,"href":"https:\/\/annasabe.com\/es\/wp-json\/wp\/v2\/pages\/22\/revisions"}],"predecessor-version":[{"id":1269,"href":"https:\/\/annasabe.com\/es\/wp-json\/wp\/v2\/pages\/22\/revisions\/1269"}],"wp:attachment":[{"href":"https:\/\/annasabe.com\/es\/wp-json\/wp\/v2\/media?parent=22"}],"curies":[{"name":"wp","href":"https:\/\/api.w.org\/{rel}","templated":true}]}}