{"id":596,"date":"2025-05-20T16:14:00","date_gmt":"2025-05-20T14:14:00","guid":{"rendered":"https:\/\/annasabe.com\/?page_id=596"},"modified":"2025-05-20T16:27:56","modified_gmt":"2025-05-20T14:27:56","slug":"politica-de-privacidad-2","status":"publish","type":"page","link":"https:\/\/annasabe.com\/es\/politica-de-privacidad-2\/","title":{"rendered":"Pol\u00edtica de privacidad"},"content":{"rendered":"<div data-elementor-type=\"wp-page\" data-elementor-id=\"596\" class=\"elementor elementor-596\" data-elementor-post-type=\"page\">\n\t\t\t\t<div class=\"elementor-element elementor-element-88b0b26 e-con-full e-flex e-con e-parent\" data-id=\"88b0b26\" data-element_type=\"container\" data-settings=\"{&quot;background_background&quot;:&quot;classic&quot;}\">\n\t\t\t\t<div class=\"elementor-element elementor-element-aae508f elementor-widget elementor-widget-text-editor\" data-id=\"aae508f\" data-element_type=\"widget\" data-widget_type=\"text-editor.default\">\n\t\t\t\t<div class=\"elementor-widget-container\">\n\t\t\t\t\t\t\t\t\t<p class=\"\" data-start=\"145\" data-end=\"166\"><strong data-start=\"145\" data-end=\"166\">Declaraci\u00f3n de confidencialidad<\/strong><\/p><p class=\"\" data-start=\"168\" data-end=\"329\">Esta declaraci\u00f3n de privacidad se actualiz\u00f3 por \u00faltima vez el 14 de enero de 2025 y se aplica a los ciudadanos y residentes legales permanentes del Espacio Econ\u00f3mico Europeo y Suiza.<\/p><p class=\"\" data-start=\"331\" data-end=\"447\">En esta declaraci\u00f3n de privacidad, explicamos lo que hacemos con los datos que recopilamos sobre usted a trav\u00e9s de este sitio web.<\/p><p class=\"\" data-start=\"449\" data-end=\"614\">Le recomendamos que lea atentamente esta declaraci\u00f3n. En nuestro tratamiento, cumplimos los requisitos de la legislaci\u00f3n sobre privacidad. Esto significa, entre otras cosas, que:<\/p><ul data-start=\"616\" data-end=\"1192\"><li class=\"\" data-start=\"616\" data-end=\"728\"><p class=\"\" data-start=\"618\" data-end=\"728\">Exponemos claramente los fines para los que tratamos los datos personales. Lo hacemos a trav\u00e9s de esta declaraci\u00f3n de privacidad.<\/p><\/li><li class=\"\" data-start=\"729\" data-end=\"840\"><p class=\"\" data-start=\"731\" data-end=\"840\">Nuestro objetivo es limitar la recopilaci\u00f3n de datos personales a los necesarios para fines leg\u00edtimos.<\/p><\/li><li class=\"\" data-start=\"841\" data-end=\"954\"><p class=\"\" data-start=\"843\" data-end=\"954\">Primero le pedimos su consentimiento expl\u00edcito para procesar sus datos personales en los casos en que se requiere su consentimiento.<\/p><\/li><li class=\"\" data-start=\"955\" data-end=\"1103\"><p class=\"\" data-start=\"957\" data-end=\"1103\">Tomamos las medidas de seguridad adecuadas para proteger sus datos personales y as\u00ed se lo exigimos tambi\u00e9n a las partes que procesan datos personales en nuestro nombre.<\/p><\/li><li class=\"\" data-start=\"1104\" data-end=\"1192\"><p class=\"\" data-start=\"1106\" data-end=\"1192\">Respetamos su derecho a acceder a sus datos personales, corregirlos o eliminarlos si as\u00ed lo solicita.<\/p><\/li><\/ul><p class=\"\" data-start=\"1194\" data-end=\"1292\">Si tiene alguna pregunta o desea saber exactamente qu\u00e9 datos almacenamos sobre usted, p\u00f3ngase en contacto con nosotros.<\/p><p data-start=\"1299\" data-end=\"1340\">\u00a0<\/p><p class=\"\" data-start=\"1299\" data-end=\"1340\"><strong data-start=\"1299\" data-end=\"1340\">1. Finalidad, datos y per\u00edodo de conservaci\u00f3n<\/strong><\/p><p class=\"\" data-start=\"1342\" data-end=\"1496\">Podemos recopilar o recibir informaci\u00f3n personal para una serie de fines relacionados con nuestras operaciones comerciales, incluidos los siguientes (haga clic para ampliar):<\/p><p class=\"\" data-start=\"1498\" data-end=\"1568\"><strong data-start=\"1498\" data-end=\"1509\">Detalles<\/strong><br data-start=\"1509\" data-end=\"1512\" \/><strong data-start=\"1512\" data-end=\"1568\">1.1 Contacto - Por tel\u00e9fono, correo postal, correo electr\u00f3nico y\/o formularios web<\/strong><\/p><p class=\"\" data-start=\"1570\" data-end=\"1614\">Para ello, utilizamos los siguientes datos:<\/p><ul data-start=\"1616\" data-end=\"1657\"><li class=\"\" data-start=\"1616\" data-end=\"1639\"><p class=\"\" data-start=\"1618\" data-end=\"1639\">Nombre y apellidos<\/p><\/li><li class=\"\" data-start=\"1640\" data-end=\"1657\"><p class=\"\" data-start=\"1642\" data-end=\"1657\">Direcci\u00f3n de correo electr\u00f3nico<\/p><\/li><\/ul><p class=\"\" data-start=\"1659\" data-end=\"1731\"><strong data-start=\"1659\" data-end=\"1710\">La base sobre la que podemos tratar estos datos es:<\/strong><br data-start=\"1710\" data-end=\"1713\" \/>Con su consentimiento.<\/p><p class=\"\" data-start=\"1733\" data-end=\"1808\"><strong data-start=\"1733\" data-end=\"1753\">Per\u00edodo de conservaci\u00f3n<\/strong><br data-start=\"1753\" data-end=\"1756\" \/>Conservamos estos datos hasta que finaliza el servicio.<\/p><p data-start=\"1815\" data-end=\"1829\">\u00a0<\/p><p class=\"\" data-start=\"1815\" data-end=\"1829\"><strong data-start=\"1815\" data-end=\"1829\">2. Cookies<\/strong><\/p><p class=\"\" data-start=\"1831\" data-end=\"1927\">Nuestro sitio web utiliza cookies. Para obtener m\u00e1s informaci\u00f3n sobre las cookies, consulte nuestra Pol\u00edtica de cookies.<\/p><p data-start=\"1934\" data-end=\"1961\">\u00a0<\/p><p class=\"\" data-start=\"1934\" data-end=\"1961\"><strong data-start=\"1934\" data-end=\"1961\">3. Pr\u00e1cticas de divulgaci\u00f3n<\/strong><\/p><p class=\"\" data-start=\"1963\" data-end=\"2225\">Divulgamos informaci\u00f3n personal si as\u00ed nos lo exige la ley o una orden judicial, en respuesta a un organismo encargado de hacer cumplir la ley, en la medida en que lo permitan otras disposiciones legales, para facilitar informaci\u00f3n o para una investigaci\u00f3n sobre un asunto relacionado con la seguridad p\u00fablica.<\/p><p class=\"\" data-start=\"2227\" data-end=\"2429\">Si nuestro sitio web o nuestra organizaci\u00f3n son adquiridos, vendidos o participan en una fusi\u00f3n o adquisici\u00f3n, sus datos podr\u00e1n ser revelados a nuestros asesores y a cualquier posible comprador y ser\u00e1n transferidos a los nuevos propietarios.<\/p><p class=\"\" data-start=\"2431\" data-end=\"2557\">Tenemos un acuerdo de procesamiento de datos con Google.<br data-start=\"2488\" data-end=\"2491\" \/>Google no est\u00e1 autorizado a utilizar los datos para otros servicios de Google.<\/p><p data-start=\"2564\" data-end=\"2579\">\u00a0<\/p><p class=\"\" data-start=\"2564\" data-end=\"2579\"><strong data-start=\"2564\" data-end=\"2579\">4. Seguridad<\/strong><\/p><p class=\"\" data-start=\"2581\" data-end=\"2891\">Estamos comprometidos con la seguridad de los datos personales. Tomamos las medidas de seguridad adecuadas para limitar el uso indebido y el acceso no autorizado a los datos personales. Esto garantiza que s\u00f3lo las personas necesarias tengan acceso a sus datos, que el acceso a los datos est\u00e9 protegido y que nuestras medidas de seguridad se revisen peri\u00f3dicamente.<\/p><p data-start=\"2898\" data-end=\"2925\">\u00a0<\/p><p class=\"\" data-start=\"2898\" data-end=\"2925\"><strong data-start=\"2898\" data-end=\"2925\">5. Sitios web de terceros<\/strong><\/p><p class=\"\" data-start=\"2927\" data-end=\"3214\">Esta declaraci\u00f3n de privacidad no se aplica a los sitios web de terceros conectados a trav\u00e9s de enlaces en nuestro sitio web. No podemos garantizar que estos terceros traten sus datos personales de forma fiable o segura. Le recomendamos que lea las declaraciones de privacidad de estos sitios web antes de utilizarlos.<\/p><p data-start=\"3221\" data-end=\"3261\">\u00a0<\/p><p class=\"\" data-start=\"3221\" data-end=\"3261\"><strong data-start=\"3221\" data-end=\"3261\">6. Cambios en esta declaraci\u00f3n de privacidad<\/strong><\/p><p class=\"\" data-start=\"3263\" data-end=\"3490\">Nos reservamos el derecho a modificar esta declaraci\u00f3n de privacidad. Le recomendamos que consulte esta declaraci\u00f3n de privacidad con regularidad para mantenerse informado de cualquier cambio. Adem\u00e1s, le informaremos activamente siempre que sea posible.<\/p><p data-start=\"3497\" data-end=\"3540\">\u00a0<\/p><p class=\"\" data-start=\"3497\" data-end=\"3540\"><strong data-start=\"3497\" data-end=\"3540\">7. Acceso y modificaci\u00f3n de sus datos<\/strong><\/p><p class=\"\" data-start=\"3542\" data-end=\"3715\">Si tiene alguna pregunta o desea saber qu\u00e9 datos personales tenemos sobre usted, p\u00f3ngase en contacto con nosotros. Puede ponerse en contacto con nosotros utilizando los datos que figuran a continuaci\u00f3n. Usted tiene los siguientes derechos:<\/p><ul data-start=\"3717\" data-end=\"4480\"><li class=\"\" data-start=\"3717\" data-end=\"3835\"><p class=\"\" data-start=\"3719\" data-end=\"3835\">Tiene derecho a saber por qu\u00e9 se necesitan sus datos personales, qu\u00e9 ocurre con ellos y cu\u00e1nto tiempo se conservar\u00e1n.<\/p><\/li><li class=\"\" data-start=\"3836\" data-end=\"3917\"><p class=\"\" data-start=\"3838\" data-end=\"3917\">Derecho de acceso: Tiene derecho a acceder a sus datos personales que conozcamos.<\/p><\/li><li class=\"\" data-start=\"3918\" data-end=\"4043\"><p class=\"\" data-start=\"3920\" data-end=\"4043\">Derecho de rectificaci\u00f3n: Tiene derecho a completar, rectificar, suprimir o bloquear sus datos personales siempre que lo desee.<\/p><\/li><li class=\"\" data-start=\"4044\" data-end=\"4179\"><p class=\"\" data-start=\"4046\" data-end=\"4179\">Si nos da su consentimiento para tratar sus datos, tiene derecho a revocarlo y a que se supriman sus datos personales.<\/p><\/li><li class=\"\" data-start=\"4180\" data-end=\"4340\"><p class=\"\" data-start=\"4182\" data-end=\"4340\">Derecho a transferir sus datos: Tienes derecho a solicitar todos tus datos personales al responsable del tratamiento y a transferirlos en su totalidad a otro responsable.<\/p><\/li><li class=\"\" data-start=\"4341\" data-end=\"4480\"><p class=\"\" data-start=\"4343\" data-end=\"4480\">Derecho de oposici\u00f3n: Puede oponerse al tratamiento de sus datos. Nos atenemos a ello, salvo que existan motivos justificados para el tratamiento.<\/p><\/li><\/ul><p class=\"\" data-start=\"4482\" data-end=\"4610\">Por favor, aseg\u00farese siempre de indicar claramente qui\u00e9n es usted, para que podamos estar seguros de no modificar o borrar los datos de la persona equivocada.<\/p><p data-start=\"4617\" data-end=\"4646\">\u00a0<\/p><p class=\"\" data-start=\"4617\" data-end=\"4646\"><strong data-start=\"4617\" data-end=\"4646\">8. Presentar una denuncia<\/strong><\/p><p class=\"\" data-start=\"4648\" data-end=\"4801\">Si no est\u00e1 satisfecho con la forma en que tratamos o procesamos sus datos personales, tiene derecho a presentar una reclamaci\u00f3n ante la autoridad de protecci\u00f3n de datos.<\/p><p data-start=\"4808\" data-end=\"4830\">\u00a0<\/p><p class=\"\" data-start=\"4808\" data-end=\"4830\"><strong data-start=\"4808\" data-end=\"4830\">9. 9. Datos de contacto<\/strong><\/p><p class=\"\" data-start=\"4832\" data-end=\"5023\"><strong data-start=\"4832\" data-end=\"4861\">Ana Rosa S\u00e1nchez Bendahan<\/strong><br data-start=\"4861\" data-end=\"4864\" \/>Carrer Rossell\u00f3, n\u00ba 247, 4\u00ba, 1\u00ba A<br data-start=\"4897\" data-end=\"4900\" \/>08008 Barcelona<br data-start=\"4915\" data-end=\"4918\" \/>Barcelona, Espa\u00f1a<br data-start=\"4934\" data-end=\"4937\" \/>Correo electr\u00f3nico: <a class=\"cursor-pointer\" rel=\"noopener\" data-start=\"4944\" data-end=\"4965\">webannasabe@gmail.com<\/a><br data-start=\"4965\" data-end=\"4968\" \/>Tel\u00e9fono: +34 640 352 455<br data-start=\"4997\" data-end=\"5000\" \/>N\u00famero de identificaci\u00f3n fiscal (DNI): 25727136A<\/p>\t\t\t\t\t\t\t\t<\/div>\n\t\t\t\t<\/div>\n\t\t\t\t<\/div>\n\t\t\t\t<\/div>","protected":false},"excerpt":{"rendered":"<p>Declaraci\u00f3n de privacidad Esta declaraci\u00f3n de privacidad se actualiz\u00f3 por \u00faltima vez el 14 de enero de 2025 y se aplica a los ciudadanos y residentes legales permanentes del Espacio Econ\u00f3mico Europeo y Suiza. En esta declaraci\u00f3n de privacidad, explicamos lo que hacemos con los datos que recopilamos sobre usted a trav\u00e9s de este sitio web. Le recomendamos que lea atentamente esta declaraci\u00f3n. En [...]<\/p>","protected":false},"author":1,"featured_media":0,"parent":0,"menu_order":0,"comment_status":"closed","ping_status":"closed","template":"","meta":{"footnotes":""},"class_list":["post-596","page","type-page","status-publish","hentry"],"_links":{"self":[{"href":"https:\/\/annasabe.com\/es\/wp-json\/wp\/v2\/pages\/596","targetHints":{"allow":["GET"]}}],"collection":[{"href":"https:\/\/annasabe.com\/es\/wp-json\/wp\/v2\/pages"}],"about":[{"href":"https:\/\/annasabe.com\/es\/wp-json\/wp\/v2\/types\/page"}],"author":[{"embeddable":true,"href":"https:\/\/annasabe.com\/es\/wp-json\/wp\/v2\/users\/1"}],"replies":[{"embeddable":true,"href":"https:\/\/annasabe.com\/es\/wp-json\/wp\/v2\/comments?post=596"}],"version-history":[{"count":5,"href":"https:\/\/annasabe.com\/es\/wp-json\/wp\/v2\/pages\/596\/revisions"}],"predecessor-version":[{"id":627,"href":"https:\/\/annasabe.com\/es\/wp-json\/wp\/v2\/pages\/596\/revisions\/627"}],"wp:attachment":[{"href":"https:\/\/annasabe.com\/es\/wp-json\/wp\/v2\/media?parent=596"}],"curies":[{"name":"wp","href":"https:\/\/api.w.org\/{rel}","templated":true}]}}