{"id":598,"date":"2025-05-20T16:14:30","date_gmt":"2025-05-20T14:14:30","guid":{"rendered":"https:\/\/annasabe.com\/?page_id=598"},"modified":"2025-06-11T13:34:02","modified_gmt":"2025-06-11T11:34:02","slug":"aviso-legal-2","status":"publish","type":"page","link":"https:\/\/annasabe.com\/es\/aviso-legal-2\/","title":{"rendered":"Aviso legal"},"content":{"rendered":"<div data-elementor-type=\"wp-page\" data-elementor-id=\"598\" class=\"elementor elementor-598\" data-elementor-post-type=\"page\">\n\t\t\t\t<div class=\"elementor-element elementor-element-7161480 e-con-full e-flex e-con e-parent\" data-id=\"7161480\" data-element_type=\"container\" data-settings=\"{&quot;background_background&quot;:&quot;classic&quot;}\">\n\t\t\t\t<div class=\"elementor-element elementor-element-7f65e2c elementor-widget elementor-widget-text-editor\" data-id=\"7f65e2c\" data-element_type=\"widget\" data-widget_type=\"text-editor.default\">\n\t\t\t\t<div class=\"elementor-widget-container\">\n\t\t\t\t\t\t\t\t\t<p class=\"\" data-start=\"123\" data-end=\"149\"><strong data-start=\"123\" data-end=\"149\">Aviso legal \/ Pie de imprenta<\/strong><\/p><p class=\"\" data-start=\"151\" data-end=\"216\">Este aviso legal \/ pie de imprenta se actualiz\u00f3 por \u00faltima vez el 14 de enero de 2025.<\/p><p class=\"\" data-start=\"218\" data-end=\"247\">El propietario de este sitio web es:<\/p><p class=\"\" data-start=\"249\" data-end=\"440\"><strong data-start=\"249\" data-end=\"278\">Ana Rosa S\u00e1nchez Bendahan<\/strong><br data-start=\"278\" data-end=\"281\" \/>Carrer Rossell\u00f3, n\u00ba 247, 4\u00ba, 1\u00ba A<br data-start=\"314\" data-end=\"317\" \/>08008 Barcelona<br data-start=\"332\" data-end=\"335\" \/>Barcelona, Espa\u00f1a<br data-start=\"351\" data-end=\"354\" \/>Correo electr\u00f3nico: <a class=\"cursor-pointer\" rel=\"noopener\" data-start=\"361\" data-end=\"382\">webannasabe@gmail.com<\/a><br data-start=\"382\" data-end=\"385\" \/>Tel\u00e9fono: +34 640 352 455<br data-start=\"414\" data-end=\"417\" \/>N\u00famero de identificaci\u00f3n fiscal (DNI): 25727136A<\/p><p data-start=\"447\" data-end=\"461\">\u00a0<\/p><p class=\"\" data-start=\"447\" data-end=\"461\"><strong data-start=\"447\" data-end=\"461\">1. General<\/strong><\/p><p class=\"\" data-start=\"463\" data-end=\"583\">No estamos dispuestos ni obligados a participar en un procedimiento de resoluci\u00f3n de litigios ante una junta arbitral de consumo.<\/p>\t\t\t\t\t\t\t\t<\/div>\n\t\t\t\t<\/div>\n\t\t\t\t<\/div>\n\t\t\t\t<\/div>","protected":false},"excerpt":{"rendered":"<p>Aviso legal \/ pie de imprenta Este aviso legal \/ pie de imprenta se actualiz\u00f3 por \u00faltima vez el 14 de enero de 2025. El titular de este sitio web es: Ana Rosa S\u00e1nchez BendahanCarrer Rossell\u00f3, n\u00ba 247, 4\u00ba, 1\u00ba A08008 BarcelonaBarcelona, Espa\u00f1aCorreo electr\u00f3nico: webannasabe@gmail.comPhone n\u00famero: +34 640 352 455DNI: 25727136A 1. Informaci\u00f3n general Generalidades No estamos dispuestos ni obligados a participar en [...]<\/p>","protected":false},"author":1,"featured_media":0,"parent":0,"menu_order":0,"comment_status":"closed","ping_status":"closed","template":"","meta":{"footnotes":""},"class_list":["post-598","page","type-page","status-publish","hentry"],"_links":{"self":[{"href":"https:\/\/annasabe.com\/es\/wp-json\/wp\/v2\/pages\/598","targetHints":{"allow":["GET"]}}],"collection":[{"href":"https:\/\/annasabe.com\/es\/wp-json\/wp\/v2\/pages"}],"about":[{"href":"https:\/\/annasabe.com\/es\/wp-json\/wp\/v2\/types\/page"}],"author":[{"embeddable":true,"href":"https:\/\/annasabe.com\/es\/wp-json\/wp\/v2\/users\/1"}],"replies":[{"embeddable":true,"href":"https:\/\/annasabe.com\/es\/wp-json\/wp\/v2\/comments?post=598"}],"version-history":[{"count":14,"href":"https:\/\/annasabe.com\/es\/wp-json\/wp\/v2\/pages\/598\/revisions"}],"predecessor-version":[{"id":623,"href":"https:\/\/annasabe.com\/es\/wp-json\/wp\/v2\/pages\/598\/revisions\/623"}],"wp:attachment":[{"href":"https:\/\/annasabe.com\/es\/wp-json\/wp\/v2\/media?parent=598"}],"curies":[{"name":"wp","href":"https:\/\/api.w.org\/{rel}","templated":true}]}}