{"id":93,"date":"2025-05-19T01:09:07","date_gmt":"2025-05-19T01:09:07","guid":{"rendered":"https:\/\/annasabe.com\/?page_id=93"},"modified":"2026-01-22T11:58:29","modified_gmt":"2026-01-22T09:58:29","slug":"mis-servicios","status":"publish","type":"page","link":"https:\/\/annasabe.com\/es\/mis-servicios\/","title":{"rendered":"Mis servicios"},"content":{"rendered":"<div data-elementor-type=\"wp-page\" data-elementor-id=\"93\" class=\"elementor elementor-93\" data-elementor-post-type=\"page\">\n\t\t\t\t<div class=\"elementor-element elementor-element-2696b25 e-flex e-con-boxed e-con e-parent\" data-id=\"2696b25\" data-element_type=\"container\" data-settings=\"{&quot;background_background&quot;:&quot;classic&quot;}\">\n\t\t\t\t\t<div class=\"e-con-inner\">\n\t\t\t\t\t<\/div>\n\t\t\t\t<\/div>\n\t\t<div class=\"elementor-element elementor-element-79c43ce e-con-full e-flex e-con e-parent\" data-id=\"79c43ce\" data-element_type=\"container\" data-settings=\"{&quot;background_background&quot;:&quot;classic&quot;}\">\n\t\t\t\t<div class=\"elementor-element elementor-element-f317452 elementor-invisible elementor-widget elementor-widget-heading\" data-id=\"f317452\" data-element_type=\"widget\" data-settings=\"{&quot;_animation&quot;:&quot;fadeIn&quot;,&quot;_animation_delay&quot;:300}\" data-widget_type=\"heading.default\">\n\t\t\t\t<div class=\"elementor-widget-container\">\n\t\t\t\t\t<h2 class=\"elementor-heading-title elementor-size-default\">TERAPIA DE PAREJA<\/h2>\t\t\t\t<\/div>\n\t\t\t\t<\/div>\n\t\t\t\t<div class=\"elementor-element elementor-element-a120952 elementor-widget__width-inherit elementor-invisible elementor-widget elementor-widget-heading\" data-id=\"a120952\" data-element_type=\"widget\" data-settings=\"{&quot;_animation&quot;:&quot;fadeIn&quot;,&quot;_animation_delay&quot;:300}\" data-widget_type=\"heading.default\">\n\t\t\t\t<div class=\"elementor-widget-container\">\n\t\t\t\t\t<h2 class=\"elementor-heading-title elementor-size-default\">Combino la terapia verbal con la terapia corporal y de movimiento, un enfoque hol\u00edstico que aborda los aspectos emocionales y f\u00edsicos de la intimidad.<\/h2>\t\t\t\t<\/div>\n\t\t\t\t<\/div>\n\t\t\t\t<div class=\"elementor-element elementor-element-6c7332f elementor-invisible elementor-widget elementor-widget-text-editor\" data-id=\"6c7332f\" data-element_type=\"widget\" data-settings=\"{&quot;_animation&quot;:&quot;fadeIn&quot;,&quot;_animation_delay&quot;:300}\" data-widget_type=\"text-editor.default\">\n\t\t\t\t<div class=\"elementor-widget-container\">\n\t\t\t\t\t\t\t\t\t<p>Mis servicios est\u00e1n enfocados en resultados, dise\u00f1ados para mejorar el bienestar en el m\u00ednimo n\u00famero de sesiones. Mi objetivo es capacitar a mis pacientes para mejorar sus relaciones junto con su salud mental y f\u00edsica.<\/p>\t\t\t\t\t\t\t\t<\/div>\n\t\t\t\t<\/div>\n\t\t\t\t<\/div>\n\t\t<div class=\"elementor-element elementor-element-bcb0cf4 e-con-full e-grid e-con e-parent\" data-id=\"bcb0cf4\" data-element_type=\"container\" data-settings=\"{&quot;background_background&quot;:&quot;classic&quot;}\">\n\t\t<a class=\"elementor-element elementor-element-25bdf09 e-con-full e-flex elementor-invisible e-con e-child\" data-id=\"25bdf09\" data-element_type=\"container\" data-settings=\"{&quot;background_background&quot;:&quot;classic&quot;,&quot;animation&quot;:&quot;fadeIn&quot;,&quot;animation_delay&quot;:300}\" href=\"https:\/\/annasabe.com\/es\/terapia-de-pareja-online\/\">\n\t\t\t\t<div class=\"elementor-element elementor-element-916945c elementor-widget elementor-widget-heading\" data-id=\"916945c\" data-element_type=\"widget\" data-widget_type=\"heading.default\">\n\t\t\t\t<div class=\"elementor-widget-container\">\n\t\t\t\t\t<h2 class=\"elementor-heading-title elementor-size-default\">TERAPIA DE PAREJA<\/h2>\t\t\t\t<\/div>\n\t\t\t\t<\/div>\n\t\t<div class=\"elementor-element elementor-element-1ac5e9b e-con-full e-flex e-con e-child\" data-id=\"1ac5e9b\" data-element_type=\"container\">\n\t\t\t\t<div class=\"elementor-element elementor-element-c0979f6 elementor-widget elementor-widget-text-editor\" data-id=\"c0979f6\" data-element_type=\"widget\" data-widget_type=\"text-editor.default\">\n\t\t\t\t<div class=\"elementor-widget-container\">\n\t\t\t\t\t\t\t\t\t<p class=\"sqsrte-small preFade fadeIn\">La base de mi pr\u00e1ctica es trabajar con parejas para integrar sus deseos y diferencias en una relaci\u00f3n satisfactoria. Dondequiera que te encuentres en tu relaci\u00f3n, utilizaremos todas las herramientas disponibles, desde educaci\u00f3n sexual hasta conciencia corporal, para fomentar la intimidad y el entendimiento entre tu pareja y tu.<\/p><p class=\"sqsrte-small preFade fadeIn\">Esto incluye la resoluci\u00f3n de crisis, pero tambi\u00e9n la formulaci\u00f3n de un plan para el \u00e9xito en las primeras etapas de una relaci\u00f3n. Tambi\u00e9n trato problemas sexuales como vaginismo, anorgasmia, disfunci\u00f3n er\u00e9ctil, eyaculaci\u00f3n precoz, as\u00ed como muchos otros s\u00edntomas y s\u00edndromes relacionados con las aversiones sexuales.<\/p>\t\t\t\t\t\t\t\t<\/div>\n\t\t\t\t<\/div>\n\t\t\t\t<\/div>\n\t\t\t\t<\/a>\n\t\t<a class=\"elementor-element elementor-element-47a9427 e-con-full e-flex elementor-invisible e-con e-child\" data-id=\"47a9427\" data-element_type=\"container\" data-settings=\"{&quot;background_background&quot;:&quot;classic&quot;,&quot;animation&quot;:&quot;fadeIn&quot;,&quot;animation_delay&quot;:300}\" href=\"https:\/\/annasabe.com\/es\/terapia-online-para-el-bienestar-de-la-mujer\/\">\n\t\t\t\t<div class=\"elementor-element elementor-element-48e6351 elementor-widget elementor-widget-heading\" data-id=\"48e6351\" data-element_type=\"widget\" data-widget_type=\"heading.default\">\n\t\t\t\t<div class=\"elementor-widget-container\">\n\t\t\t\t\t<h2 class=\"elementor-heading-title elementor-size-default\">TERAPIA DE BIENESTAR PARA MUJERES<\/h2>\t\t\t\t<\/div>\n\t\t\t\t<\/div>\n\t\t<div class=\"elementor-element elementor-element-2a7a764 e-con-full e-flex e-con e-child\" data-id=\"2a7a764\" data-element_type=\"container\" data-settings=\"{&quot;background_background&quot;:&quot;classic&quot;}\">\n\t\t\t\t<div class=\"elementor-element elementor-element-19627af elementor-widget elementor-widget-text-editor\" data-id=\"19627af\" data-element_type=\"widget\" data-widget_type=\"text-editor.default\">\n\t\t\t\t<div class=\"elementor-widget-container\">\n\t\t\t\t\t\t\t\t\t<p class=\"sqsrte-small preFade fadeIn\">Apoyo a mujeres que atraviesan procesos de infertilidad, o s\u00edndromes hormonales como el s\u00edndrome de ovario poliqu\u00edstico y la amenorrea.<\/p><p class=\"sqsrte-small preFade fadeIn\">Acompa\u00f1o procesos de embarazo, puerperio y menopausia.  En esta terapia, trabajaremos juntas para comprender la conexi\u00f3n entre la salud f\u00edsica y mental y c\u00f3mo nuestros h\u00e1bitos y nutrici\u00f3n son esenciales para nuestro bienestar general.<\/p>\t\t\t\t\t\t\t\t<\/div>\n\t\t\t\t<\/div>\n\t\t\t\t<\/div>\n\t\t\t\t<\/a>\n\t\t<a class=\"elementor-element elementor-element-cb87aaf e-con-full e-flex elementor-invisible e-con e-child\" data-id=\"cb87aaf\" data-element_type=\"container\" data-settings=\"{&quot;background_background&quot;:&quot;classic&quot;,&quot;animation&quot;:&quot;fadeIn&quot;,&quot;animation_delay&quot;:300}\" href=\"https:\/\/annasabe.com\/es\/terapia-sexual-online-para-mujeres\/\">\n\t\t\t\t<div class=\"elementor-element elementor-element-8c659e6 elementor-widget elementor-widget-heading\" data-id=\"8c659e6\" data-element_type=\"widget\" data-widget_type=\"heading.default\">\n\t\t\t\t<div class=\"elementor-widget-container\">\n\t\t\t\t\t<h2 class=\"elementor-heading-title elementor-size-default\">TERAPIA SEXUAL FEMENINA <\/h2>\t\t\t\t<\/div>\n\t\t\t\t<\/div>\n\t\t<div class=\"elementor-element elementor-element-689bb45 e-con-full e-flex e-con e-child\" data-id=\"689bb45\" data-element_type=\"container\">\n\t\t\t\t<div class=\"elementor-element elementor-element-9c86eaf elementor-widget elementor-widget-text-editor\" data-id=\"9c86eaf\" data-element_type=\"widget\" data-widget_type=\"text-editor.default\">\n\t\t\t\t<div class=\"elementor-widget-container\">\n\t\t\t\t\t\t\t\t\t<p class=\"sqsrte-small preFade fadeIn\">Trabajo con mujeres (individualmente y en grupos) que desean una conexi\u00f3n m\u00e1s profunda con su sexualidad.<\/p><p class=\"sqsrte-small preFade fadeIn\">\u00bfTienes problemas para tener alcanzar el orgasmo? \u00bfSe ha vuelto doloroso, dif\u00edcil o indeseable el sexo? \u00bfSimplemente quieres m\u00e1s de tu vida sexual? En esta terapia exploraremos tu historia personal para reparar o reconstruir tu relaci\u00f3n con tu cuerpo, sexualidad y tu placer.<\/p>\t\t\t\t\t\t\t\t<\/div>\n\t\t\t\t<\/div>\n\t\t\t\t<\/div>\n\t\t\t\t<\/a>\n\t\t<a class=\"elementor-element elementor-element-21066f1 e-con-full e-flex elementor-invisible e-con e-child\" data-id=\"21066f1\" data-element_type=\"container\" data-settings=\"{&quot;background_background&quot;:&quot;classic&quot;,&quot;animation&quot;:&quot;fadeIn&quot;,&quot;animation_delay&quot;:300}\" href=\"https:\/\/annasabe.com\/es\/educacion-sexual-en-linea-para-mujeres\/\">\n\t\t\t\t<div class=\"elementor-element elementor-element-f896c3d elementor-widget elementor-widget-heading\" data-id=\"f896c3d\" data-element_type=\"widget\" data-widget_type=\"heading.default\">\n\t\t\t\t<div class=\"elementor-widget-container\">\n\t\t\t\t\t<h2 class=\"elementor-heading-title elementor-size-default\">EDUCACI\u00d3N SEXUAL<\/h2>\t\t\t\t<\/div>\n\t\t\t\t<\/div>\n\t\t<div class=\"elementor-element elementor-element-db1773a e-con-full e-flex e-con e-child\" data-id=\"db1773a\" data-element_type=\"container\">\n\t\t\t\t<div class=\"elementor-element elementor-element-510589d elementor-widget elementor-widget-text-editor\" data-id=\"510589d\" data-element_type=\"widget\" data-widget_type=\"text-editor.default\">\n\t\t\t\t<div class=\"elementor-widget-container\">\n\t\t\t\t\t\t\t\t\t<div class=\"fe-block fe-block-06d4a415603f7f52ec2a\"><div id=\"block-06d4a415603f7f52ec2a\" class=\"sqs-block html-block sqs-block-html sqs-background-enabled preFade fadeIn\" data-blend-mode=\"NORMAL\" data-block-type=\"2\" data-border-radii=\"{&quot;topLeft&quot;:{&quot;unit&quot;:&quot;px&quot;,&quot;value&quot;:0.0},&quot;topRight&quot;:{&quot;unit&quot;:&quot;px&quot;,&quot;value&quot;:0.0},&quot;bottomLeft&quot;:{&quot;unit&quot;:&quot;px&quot;,&quot;value&quot;:0.0},&quot;bottomRight&quot;:{&quot;unit&quot;:&quot;px&quot;,&quot;value&quot;:0.0}}\"><div class=\"sqs-block-content\"><div class=\"sqs-html-content\"><p class=\"sqsrte-small preFade fadeIn\">Ofrezco educaci\u00f3n y reeducaci\u00f3n sexual para adolescentes y j\u00f3venes (con el apoyo y consentimiento de sus padres). Este servicio es especialmente \u00fatil para mujeres j\u00f3venes que buscan comprender la funci\u00f3n hormonal y la menstruaci\u00f3n y profundizar en la relaci\u00f3n con sus ciclos y sus cuerpos.<\/p><p class=\"sqsrte-small preFade fadeIn\">El objetivo de esta terapia es una comprensi\u00f3n completa del cuerpo y la sexualidad ayudando a desarrollar la capacidad de tomar decisiones informadas.<\/p><\/div><\/div><\/div><\/div>\t\t\t\t\t\t\t\t<\/div>\n\t\t\t\t<\/div>\n\t\t\t\t<\/div>\n\t\t\t\t<\/a>\n\t\t\t\t<\/div>\n\t\t<div class=\"elementor-element elementor-element-7f6a20b e-con-full e-flex e-con e-parent\" data-id=\"7f6a20b\" data-element_type=\"container\" data-settings=\"{&quot;background_background&quot;:&quot;classic&quot;}\">\n\t\t<div class=\"elementor-element elementor-element-22dd9bf e-con-full e-flex e-con e-child\" data-id=\"22dd9bf\" data-element_type=\"container\">\n\t\t<div class=\"elementor-element elementor-element-6bec26f e-con-full e-flex elementor-invisible e-con e-child\" data-id=\"6bec26f\" data-element_type=\"container\" data-settings=\"{&quot;background_background&quot;:&quot;classic&quot;,&quot;animation&quot;:&quot;fadeIn&quot;,&quot;animation_delay&quot;:300}\">\n\t\t\t\t<div class=\"elementor-element elementor-element-b75c41d elementor-widget elementor-widget-heading\" data-id=\"b75c41d\" data-element_type=\"widget\" data-widget_type=\"heading.default\">\n\t\t\t\t<div class=\"elementor-widget-container\">\n\t\t\t\t\t<h2 class=\"elementor-heading-title elementor-size-default\">TALLERES<\/h2>\t\t\t\t<\/div>\n\t\t\t\t<\/div>\n\t\t<div class=\"elementor-element elementor-element-e1f7e87 e-con-full e-flex e-con e-child\" data-id=\"e1f7e87\" data-element_type=\"container\">\n\t\t\t\t<div class=\"elementor-element elementor-element-68cae27 elementor-widget elementor-widget-text-editor\" data-id=\"68cae27\" data-element_type=\"widget\" data-widget_type=\"text-editor.default\">\n\t\t\t\t<div class=\"elementor-widget-container\">\n\t\t\t\t\t\t\t\t\t<div class=\"fe-block fe-block-06d4a415603f7f52ec2a\"><div id=\"block-06d4a415603f7f52ec2a\" class=\"sqs-block html-block sqs-block-html sqs-background-enabled preFade fadeIn\" data-blend-mode=\"NORMAL\" data-block-type=\"2\" data-border-radii=\"{&quot;topLeft&quot;:{&quot;unit&quot;:&quot;px&quot;,&quot;value&quot;:0.0},&quot;topRight&quot;:{&quot;unit&quot;:&quot;px&quot;,&quot;value&quot;:0.0},&quot;bottomLeft&quot;:{&quot;unit&quot;:&quot;px&quot;,&quot;value&quot;:0.0},&quot;bottomRight&quot;:{&quot;unit&quot;:&quot;px&quot;,&quot;value&quot;:0.0}}\"><div class=\"sqs-block-content\"><div class=\"sqs-html-content\"><p class=\"sqsrte-small preFade fadeIn\">Tengo una serie de talleres sobre diversos temas relacionados con la educaci\u00f3n sexual.<\/p><p class=\"sqsrte-small preFade fadeIn\">Actualmente estoy impartiendo esos talleres en l\u00ednea y en persona en Barcelona. Si quieres apuntarte a uno de mis talleres puedes enviarme un email a webannasabe@gmail.com<\/p><p class=\"sqsrte-small preFade fadeIn\">TALLERES ACTUALES<\/p><p class=\"sqsrte-small preFade fadeIn\">\"La vida sexual de la madre\"<\/p><p class=\"sqsrte-small preFade fadeIn\">\"Educaci\u00f3n sexual para familias\"<\/p><p class=\"sqsrte-small preFade fadeIn\">\"Terapia corporal para parejas\"<\/p><\/div><\/div><\/div><\/div>\t\t\t\t\t\t\t\t<\/div>\n\t\t\t\t<\/div>\n\t\t\t\t<\/div>\n\t\t\t\t<\/div>\n\t\t\t\t<\/div>\n\t\t\t\t<\/div>\n\t\t\t\t<\/div>","protected":false},"excerpt":{"rendered":"<p>COUPLES COUNSELING Combino la terapia verbal con la terapia corporal y de movimiento, un enfoque hol\u00edstico que aborda tanto los aspectos emocionales como f\u00edsicos de la intimidad. Mis servicios se centran en los resultados, dise\u00f1ados para mejorar el bienestar en un n\u00famero m\u00ednimo de sesiones. Mi objetivo es capacitar a mis pacientes para mejorar sus relaciones junto con sus [...]<\/p>","protected":false},"author":1,"featured_media":0,"parent":0,"menu_order":0,"comment_status":"closed","ping_status":"closed","template":"","meta":{"footnotes":""},"class_list":["post-93","page","type-page","status-publish","hentry"],"_links":{"self":[{"href":"https:\/\/annasabe.com\/es\/wp-json\/wp\/v2\/pages\/93","targetHints":{"allow":["GET"]}}],"collection":[{"href":"https:\/\/annasabe.com\/es\/wp-json\/wp\/v2\/pages"}],"about":[{"href":"https:\/\/annasabe.com\/es\/wp-json\/wp\/v2\/types\/page"}],"author":[{"embeddable":true,"href":"https:\/\/annasabe.com\/es\/wp-json\/wp\/v2\/users\/1"}],"replies":[{"embeddable":true,"href":"https:\/\/annasabe.com\/es\/wp-json\/wp\/v2\/comments?post=93"}],"version-history":[{"count":163,"href":"https:\/\/annasabe.com\/es\/wp-json\/wp\/v2\/pages\/93\/revisions"}],"predecessor-version":[{"id":1223,"href":"https:\/\/annasabe.com\/es\/wp-json\/wp\/v2\/pages\/93\/revisions\/1223"}],"wp:attachment":[{"href":"https:\/\/annasabe.com\/es\/wp-json\/wp\/v2\/media?parent=93"}],"curies":[{"name":"wp","href":"https:\/\/api.w.org\/{rel}","templated":true}]}}